{"id":773,"date":"2026-01-06T16:12:45","date_gmt":"2026-01-06T16:12:45","guid":{"rendered":"https:\/\/www.campinggrossvaterfelsen.de\/?page_id=773"},"modified":"2026-01-08T13:28:09","modified_gmt":"2026-01-08T13:28:09","slug":"datenschutzerklaerung","status":"publish","type":"page","link":"https:\/\/www.campinggrossvaterfelsen.de\/index.php\/datenschutzerklaerung\/","title":{"rendered":"Datenschutzerkl\u00e4rung"},"content":{"rendered":"\t\t<div data-elementor-type=\"wp-page\" data-elementor-id=\"773\" class=\"elementor elementor-773\" data-elementor-post-type=\"page\">\n\t\t\t\t<div class=\"elementor-element elementor-element-fa220f0 e-flex e-con-boxed e-con e-parent\" data-id=\"fa220f0\" data-element_type=\"container\" data-e-type=\"container\">\n\t\t\t\t\t<div class=\"e-con-inner\">\n\t\t\t\t<div class=\"elementor-element elementor-element-0e6fb5c elementor-widget elementor-widget-heading\" data-id=\"0e6fb5c\" data-element_type=\"widget\" data-e-type=\"widget\" data-widget_type=\"heading.default\">\n\t\t\t\t\t<h2 class=\"elementor-heading-title elementor-size-default\">Datenschutzerkl\u00e4rung<\/h2>\t\t\t\t<\/div>\n\t\t\t\t<div class=\"elementor-element elementor-element-6a1adc6 elementor-widget elementor-widget-text-editor\" data-id=\"6a1adc6\" data-element_type=\"widget\" data-e-type=\"widget\" data-widget_type=\"text-editor.default\">\n\t\t\t\t\t\t\t\t\t<h4 data-start=\"265\" data-end=\"298\">1. Datenschutz auf einen Blick<\/h4><h5 data-start=\"300\" data-end=\"325\">Allgemeine Hinweise<\/h5><p data-start=\"326\" data-end=\"566\">Die folgenden Hinweise geben einen einfachen \u00dcberblick dar\u00fcber, was mit Ihren personenbezogenen Daten passiert, wenn Sie diese Website besuchen.<br data-start=\"470\" data-end=\"473\" \/>Personenbezogene Daten sind alle Daten, mit denen Sie pers\u00f6nlich identifiziert werden k\u00f6nnen.<\/p><h5 data-start=\"568\" data-end=\"607\">Datenerfassung auf dieser Website<\/h5><p data-start=\"608\" data-end=\"796\">Die Datenverarbeitung auf dieser Website erfolgt durch den Websitebetreiber.<br data-start=\"684\" data-end=\"687\" \/>Dessen Kontaktdaten k\u00f6nnen Sie dem Abschnitt <strong data-start=\"732\" data-end=\"754\">\u201eVerantwortlicher\u201c<\/strong> in dieser Datenschutzerkl\u00e4rung entnehmen.<\/p><hr data-start=\"798\" data-end=\"801\" \/><h4 data-start=\"803\" data-end=\"825\">2. Verantwortlicher<\/h4><p data-start=\"827\" data-end=\"891\">Verantwortlich f\u00fcr die Datenverarbeitung auf dieser Website ist:<\/p><p data-start=\"893\" data-end=\"961\">Tobias Heise<br data-start=\"905\" data-end=\"908\" \/>Hohe Kamp 13a<br data-start=\"921\" data-end=\"924\" \/>33175 Bad Lippspringe<br data-start=\"945\" data-end=\"948\" \/>Deutschland<\/p><p data-start=\"963\" data-end=\"1031\">Telefon: 0162 3869324<br data-start=\"984\" data-end=\"987\" \/>E-Mail: <a class=\"decorated-link cursor-pointer\" rel=\"noopener\" data-start=\"995\" data-end=\"1031\">kontakt@campinggrossvaterfelsen.de<\/a><\/p><hr data-start=\"1033\" data-end=\"1036\" \/><h4 data-start=\"1038\" data-end=\"1051\">3. Hosting<\/h4><p data-start=\"1053\" data-end=\"1216\">Diese Website wird extern gehostet.<br data-start=\"1088\" data-end=\"1091\" \/>Die personenbezogenen Daten, die auf dieser Website erfasst werden, werden auf den Servern des Hosting-Anbieters gespeichert.<\/p><p data-start=\"1218\" data-end=\"1376\">Rechtsgrundlage f\u00fcr die Verarbeitung ist <strong data-start=\"1259\" data-end=\"1289\">Art. 6 Abs. 1 lit. f DSGVO<\/strong> (berechtigtes Interesse an einer sicheren und effizienten Bereitstellung der Website).<\/p><hr data-start=\"1378\" data-end=\"1381\" \/><h4 data-start=\"1383\" data-end=\"1422\">4. Datenerfassung auf dieser Website<\/h4><h5 data-start=\"1424\" data-end=\"1448\">Server-Log-Dateien<\/h5><p data-start=\"1449\" data-end=\"1612\">Der Provider der Seiten erhebt und speichert automatisch Informationen in sogenannten Server-Log-Dateien, die Ihr Browser automatisch \u00fcbermittelt. Dies sind z. B.:<\/p><ul data-start=\"1614\" data-end=\"1779\"><li data-start=\"1614\" data-end=\"1647\"><p data-start=\"1616\" data-end=\"1647\">Browsertyp und Browserversion<\/p><\/li><li data-start=\"1648\" data-end=\"1678\"><p data-start=\"1650\" data-end=\"1678\">verwendetes Betriebssystem<\/p><\/li><li data-start=\"1679\" data-end=\"1695\"><p data-start=\"1681\" data-end=\"1695\">Referrer URL<\/p><\/li><li data-start=\"1696\" data-end=\"1734\"><p data-start=\"1698\" data-end=\"1734\">Hostname des zugreifenden Rechners<\/p><\/li><li data-start=\"1735\" data-end=\"1764\"><p data-start=\"1737\" data-end=\"1764\">Uhrzeit der Serveranfrage<\/p><\/li><li data-start=\"1765\" data-end=\"1779\"><p data-start=\"1767\" data-end=\"1779\">IP-Adresse<\/p><\/li><\/ul><p data-start=\"1781\" data-end=\"1863\">Eine Zusammenf\u00fchrung dieser Daten mit anderen Datenquellen wird nicht vorgenommen.<\/p><p data-start=\"1865\" data-end=\"1912\">Rechtsgrundlage: <strong data-start=\"1882\" data-end=\"1912\">Art. 6 Abs. 1 lit. f DSGVO<\/strong><\/p><hr data-start=\"1914\" data-end=\"1917\" \/><h4 data-start=\"1919\" data-end=\"1964\">5. Kontaktaufnahme per E-Mail oder Telefon<\/h4><p data-start=\"1966\" data-end=\"2129\">Wenn Sie uns per E-Mail oder Telefon kontaktieren, werden Ihre Angaben inklusive der von Ihnen angegebenen Kontaktdaten zwecks Bearbeitung der Anfrage gespeichert.<\/p><p data-start=\"2131\" data-end=\"2189\">Diese Daten geben wir nicht ohne Ihre Einwilligung weiter.<\/p><p data-start=\"2191\" data-end=\"2209\">Rechtsgrundlage:<\/p><ul data-start=\"2210\" data-end=\"2343\"><li data-start=\"2210\" data-end=\"2285\"><p data-start=\"2212\" data-end=\"2285\"><strong data-start=\"2212\" data-end=\"2242\">Art. 6 Abs. 1 lit. b DSGVO<\/strong> (Vertrag oder vorvertragliche Ma\u00dfnahmen)<\/p><\/li><li data-start=\"2286\" data-end=\"2343\"><p data-start=\"2288\" data-end=\"2343\"><strong data-start=\"2288\" data-end=\"2318\">Art. 6 Abs. 1 lit. f DSGVO<\/strong> (berechtigtes Interesse)<\/p><\/li><\/ul><hr data-start=\"2345\" data-end=\"2348\" \/><h4 data-start=\"2350\" data-end=\"2363\">6. Cookies<\/h4><p data-start=\"2365\" data-end=\"2483\">Diese Website kann Cookies verwenden.<br data-start=\"2402\" data-end=\"2405\" \/>Cookies richten auf Ihrem Rechner keinen Schaden an und enthalten keine Viren.<\/p><p data-start=\"2485\" data-end=\"2685\">Cookies dienen dazu, unser Angebot nutzerfreundlicher zu machen.<br data-start=\"2549\" data-end=\"2552\" \/>Sie k\u00f6nnen Ihren Browser so einstellen, dass Sie \u00fcber das Setzen von Cookies informiert werden oder Cookies vollst\u00e4ndig deaktivieren.<\/p><p data-start=\"2687\" data-end=\"2734\">Rechtsgrundlage: <strong data-start=\"2704\" data-end=\"2734\">Art. 6 Abs. 1 lit. f DSGVO<\/strong><\/p><hr data-start=\"2736\" data-end=\"2739\" \/><h4 data-start=\"2741\" data-end=\"2758\">7. Ihre Rechte<\/h4><p data-start=\"2760\" data-end=\"2794\">Sie haben jederzeit das Recht auf:<\/p><ul data-start=\"2796\" data-end=\"2968\"><li data-start=\"2796\" data-end=\"2838\"><p data-start=\"2798\" data-end=\"2838\">Auskunft \u00fcber Ihre gespeicherten Daten<\/p><\/li><li data-start=\"2839\" data-end=\"2869\"><p data-start=\"2841\" data-end=\"2869\">Berichtigung oder L\u00f6schung<\/p><\/li><li data-start=\"2870\" data-end=\"2904\"><p data-start=\"2872\" data-end=\"2904\">Einschr\u00e4nkung der Verarbeitung<\/p><\/li><li data-start=\"2905\" data-end=\"2943\"><p data-start=\"2907\" data-end=\"2943\">Widerspruch gegen die Verarbeitung<\/p><\/li><li data-start=\"2944\" data-end=\"2968\"><p data-start=\"2946\" data-end=\"2968\">Daten\u00fcbertragbarkeit<\/p><\/li><\/ul><p data-start=\"2970\" data-end=\"3043\">Zudem haben Sie ein Beschwerderecht bei der zust\u00e4ndigen Aufsichtsbeh\u00f6rde.<\/p><hr data-start=\"3045\" data-end=\"3048\" \/><h4 data-start=\"3050\" data-end=\"3083\">8. Widerruf Ihrer Einwilligung<\/h4><p data-start=\"3085\" data-end=\"3243\">Viele Datenverarbeitungsvorg\u00e4nge sind nur mit Ihrer ausdr\u00fccklichen Einwilligung m\u00f6glich.<br data-start=\"3173\" data-end=\"3176\" \/>Sie k\u00f6nnen eine bereits erteilte Einwilligung jederzeit widerrufen.<\/p><hr data-start=\"3245\" data-end=\"3248\" \/><h4 data-start=\"3250\" data-end=\"3285\">9. SSL- bzw. TLS-Verschl\u00fcsselung<\/h4><p data-start=\"3287\" data-end=\"3474\">Diese Seite nutzt aus Sicherheitsgr\u00fcnden eine SSL- bzw. TLS-Verschl\u00fcsselung.<br data-start=\"3363\" data-end=\"3366\" \/>Eine verschl\u00fcsselte Verbindung erkennen Sie daran, dass die Adresszeile des Browsers mit \u201ehttps:\/\/\u201c beginnt.<\/p><hr data-start=\"3476\" data-end=\"3479\" \/><h4 data-start=\"3481\" data-end=\"3524\">10. \u00c4nderung dieser Datenschutzerkl\u00e4rung<\/h4><p data-start=\"3526\" data-end=\"3662\">Wir behalten uns vor, diese Datenschutzerkl\u00e4rung anzupassen, um sie an ge\u00e4nderte Rechtslagen oder bei \u00c4nderungen der Website anzupassen.<\/p>\t\t\t\t\t\t\t\t<\/div>\n\t\t\t\t\t<\/div>\n\t\t\t\t<\/div>\n\t\t\t\t<\/div>\n\t\t","protected":false},"excerpt":{"rendered":"<p>Datenschutzerkl\u00e4rung 1. Datenschutz auf einen Blick Allgemeine Hinweise Die folgenden Hinweise geben einen einfachen \u00dcberblick dar\u00fcber, was mit Ihren personenbezogenen Daten passiert, wenn Sie diese Website besuchen.Personenbezogene Daten sind alle Daten, mit denen Sie pers\u00f6nlich identifiziert werden k\u00f6nnen. Datenerfassung auf dieser Website Die Datenverarbeitung auf dieser Website erfolgt durch den Websitebetreiber.Dessen Kontaktdaten k\u00f6nnen Sie dem [&hellip;]<\/p>\n","protected":false},"author":1,"featured_media":0,"parent":0,"menu_order":0,"comment_status":"closed","ping_status":"closed","template":"","meta":{"footnotes":""},"class_list":["post-773","page","type-page","status-publish","hentry"],"yoast_head":"<!-- This site is optimized with the Yoast SEO plugin v27.5 - https:\/\/yoast.com\/product\/yoast-seo-wordpress\/ -->\n<title>Datenschutzerkl\u00e4rung - Camping im Harz \u2013 Wohnmobil Stellplatz am Gro\u00dfvaterfelsen<\/title>\n<meta name=\"robots\" content=\"index, follow, max-snippet:-1, max-image-preview:large, max-video-preview:-1\" \/>\n<link rel=\"canonical\" href=\"https:\/\/www.campinggrossvaterfelsen.de\/index.php\/datenschutzerklaerung\/\" \/>\n<meta property=\"og:locale\" content=\"de_DE\" \/>\n<meta property=\"og:type\" content=\"article\" \/>\n<meta property=\"og:title\" content=\"Datenschutzerkl\u00e4rung - Camping im Harz \u2013 Wohnmobil Stellplatz am Gro\u00dfvaterfelsen\" \/>\n<meta property=\"og:description\" content=\"Datenschutzerkl\u00e4rung 1. Datenschutz auf einen Blick Allgemeine Hinweise Die folgenden Hinweise geben einen einfachen \u00dcberblick dar\u00fcber, was mit Ihren personenbezogenen Daten passiert, wenn Sie diese Website besuchen.Personenbezogene Daten sind alle Daten, mit denen Sie pers\u00f6nlich identifiziert werden k\u00f6nnen. Datenerfassung auf dieser Website Die Datenverarbeitung auf dieser Website erfolgt durch den Websitebetreiber.Dessen Kontaktdaten k\u00f6nnen Sie dem [&hellip;]\" \/>\n<meta property=\"og:url\" content=\"https:\/\/www.campinggrossvaterfelsen.de\/index.php\/datenschutzerklaerung\/\" \/>\n<meta property=\"og:site_name\" content=\"Camping im Harz \u2013 Wohnmobil Stellplatz am Gro\u00dfvaterfelsen\" \/>\n<meta property=\"article:modified_time\" content=\"2026-01-08T13:28:09+00:00\" \/>\n<meta name=\"twitter:card\" content=\"summary_large_image\" \/>\n<meta name=\"twitter:label1\" content=\"Gesch\u00e4tzte Lesezeit\" \/>\n\t<meta name=\"twitter:data1\" content=\"3\u00a0Minuten\" \/>\n<script type=\"application\/ld+json\" class=\"yoast-schema-graph\">{\"@context\":\"https:\\\/\\\/schema.org\",\"@graph\":[{\"@type\":\"WebPage\",\"@id\":\"https:\\\/\\\/www.campinggrossvaterfelsen.de\\\/index.php\\\/datenschutzerklaerung\\\/\",\"url\":\"https:\\\/\\\/www.campinggrossvaterfelsen.de\\\/index.php\\\/datenschutzerklaerung\\\/\",\"name\":\"Datenschutzerkl\u00e4rung - Camping im Harz \u2013 Wohnmobil Stellplatz am Gro\u00dfvaterfelsen\",\"isPartOf\":{\"@id\":\"https:\\\/\\\/www.campinggrossvaterfelsen.de\\\/#website\"},\"datePublished\":\"2026-01-06T16:12:45+00:00\",\"dateModified\":\"2026-01-08T13:28:09+00:00\",\"breadcrumb\":{\"@id\":\"https:\\\/\\\/www.campinggrossvaterfelsen.de\\\/index.php\\\/datenschutzerklaerung\\\/#breadcrumb\"},\"inLanguage\":\"de\",\"potentialAction\":[{\"@type\":\"ReadAction\",\"target\":[\"https:\\\/\\\/www.campinggrossvaterfelsen.de\\\/index.php\\\/datenschutzerklaerung\\\/\"]}]},{\"@type\":\"BreadcrumbList\",\"@id\":\"https:\\\/\\\/www.campinggrossvaterfelsen.de\\\/index.php\\\/datenschutzerklaerung\\\/#breadcrumb\",\"itemListElement\":[{\"@type\":\"ListItem\",\"position\":1,\"name\":\"Startseite\",\"item\":\"https:\\\/\\\/www.campinggrossvaterfelsen.de\\\/\"},{\"@type\":\"ListItem\",\"position\":2,\"name\":\"Datenschutzerkl\u00e4rung\"}]},{\"@type\":\"WebSite\",\"@id\":\"https:\\\/\\\/www.campinggrossvaterfelsen.de\\\/#website\",\"url\":\"https:\\\/\\\/www.campinggrossvaterfelsen.de\\\/\",\"name\":\"Camping im Harz \u2013 Wohnmobil Stellplatz am Gro\u00dfvaterfelsen\",\"description\":\"Naturcamping im Harz mit Stellpl\u00e4tzen f\u00fcr Wohnmobile und Camper \u2013 ruhig gelegen direkt am Gro\u00dfvaterfelsen.\",\"potentialAction\":[{\"@type\":\"SearchAction\",\"target\":{\"@type\":\"EntryPoint\",\"urlTemplate\":\"https:\\\/\\\/www.campinggrossvaterfelsen.de\\\/?s={search_term_string}\"},\"query-input\":{\"@type\":\"PropertyValueSpecification\",\"valueRequired\":true,\"valueName\":\"search_term_string\"}}],\"inLanguage\":\"de\"}]}<\/script>\n<!-- \/ Yoast SEO plugin. -->","yoast_head_json":{"title":"Datenschutzerkl\u00e4rung - Camping im Harz \u2013 Wohnmobil Stellplatz am Gro\u00dfvaterfelsen","robots":{"index":"index","follow":"follow","max-snippet":"max-snippet:-1","max-image-preview":"max-image-preview:large","max-video-preview":"max-video-preview:-1"},"canonical":"https:\/\/www.campinggrossvaterfelsen.de\/index.php\/datenschutzerklaerung\/","og_locale":"de_DE","og_type":"article","og_title":"Datenschutzerkl\u00e4rung - Camping im Harz \u2013 Wohnmobil Stellplatz am Gro\u00dfvaterfelsen","og_description":"Datenschutzerkl\u00e4rung 1. Datenschutz auf einen Blick Allgemeine Hinweise Die folgenden Hinweise geben einen einfachen \u00dcberblick dar\u00fcber, was mit Ihren personenbezogenen Daten passiert, wenn Sie diese Website besuchen.Personenbezogene Daten sind alle Daten, mit denen Sie pers\u00f6nlich identifiziert werden k\u00f6nnen. Datenerfassung auf dieser Website Die Datenverarbeitung auf dieser Website erfolgt durch den Websitebetreiber.Dessen Kontaktdaten k\u00f6nnen Sie dem [&hellip;]","og_url":"https:\/\/www.campinggrossvaterfelsen.de\/index.php\/datenschutzerklaerung\/","og_site_name":"Camping im Harz \u2013 Wohnmobil Stellplatz am Gro\u00dfvaterfelsen","article_modified_time":"2026-01-08T13:28:09+00:00","twitter_card":"summary_large_image","twitter_misc":{"Gesch\u00e4tzte Lesezeit":"3\u00a0Minuten"},"schema":{"@context":"https:\/\/schema.org","@graph":[{"@type":"WebPage","@id":"https:\/\/www.campinggrossvaterfelsen.de\/index.php\/datenschutzerklaerung\/","url":"https:\/\/www.campinggrossvaterfelsen.de\/index.php\/datenschutzerklaerung\/","name":"Datenschutzerkl\u00e4rung - Camping im Harz \u2013 Wohnmobil Stellplatz am Gro\u00dfvaterfelsen","isPartOf":{"@id":"https:\/\/www.campinggrossvaterfelsen.de\/#website"},"datePublished":"2026-01-06T16:12:45+00:00","dateModified":"2026-01-08T13:28:09+00:00","breadcrumb":{"@id":"https:\/\/www.campinggrossvaterfelsen.de\/index.php\/datenschutzerklaerung\/#breadcrumb"},"inLanguage":"de","potentialAction":[{"@type":"ReadAction","target":["https:\/\/www.campinggrossvaterfelsen.de\/index.php\/datenschutzerklaerung\/"]}]},{"@type":"BreadcrumbList","@id":"https:\/\/www.campinggrossvaterfelsen.de\/index.php\/datenschutzerklaerung\/#breadcrumb","itemListElement":[{"@type":"ListItem","position":1,"name":"Startseite","item":"https:\/\/www.campinggrossvaterfelsen.de\/"},{"@type":"ListItem","position":2,"name":"Datenschutzerkl\u00e4rung"}]},{"@type":"WebSite","@id":"https:\/\/www.campinggrossvaterfelsen.de\/#website","url":"https:\/\/www.campinggrossvaterfelsen.de\/","name":"Camping im Harz \u2013 Wohnmobil Stellplatz am Gro\u00dfvaterfelsen","description":"Naturcamping im Harz mit Stellpl\u00e4tzen f\u00fcr Wohnmobile und Camper \u2013 ruhig gelegen direkt am Gro\u00dfvaterfelsen.","potentialAction":[{"@type":"SearchAction","target":{"@type":"EntryPoint","urlTemplate":"https:\/\/www.campinggrossvaterfelsen.de\/?s={search_term_string}"},"query-input":{"@type":"PropertyValueSpecification","valueRequired":true,"valueName":"search_term_string"}}],"inLanguage":"de"}]}},"_links":{"self":[{"href":"https:\/\/www.campinggrossvaterfelsen.de\/index.php\/wp-json\/wp\/v2\/pages\/773","targetHints":{"allow":["GET"]}}],"collection":[{"href":"https:\/\/www.campinggrossvaterfelsen.de\/index.php\/wp-json\/wp\/v2\/pages"}],"about":[{"href":"https:\/\/www.campinggrossvaterfelsen.de\/index.php\/wp-json\/wp\/v2\/types\/page"}],"author":[{"embeddable":true,"href":"https:\/\/www.campinggrossvaterfelsen.de\/index.php\/wp-json\/wp\/v2\/users\/1"}],"replies":[{"embeddable":true,"href":"https:\/\/www.campinggrossvaterfelsen.de\/index.php\/wp-json\/wp\/v2\/comments?post=773"}],"version-history":[{"count":9,"href":"https:\/\/www.campinggrossvaterfelsen.de\/index.php\/wp-json\/wp\/v2\/pages\/773\/revisions"}],"predecessor-version":[{"id":890,"href":"https:\/\/www.campinggrossvaterfelsen.de\/index.php\/wp-json\/wp\/v2\/pages\/773\/revisions\/890"}],"wp:attachment":[{"href":"https:\/\/www.campinggrossvaterfelsen.de\/index.php\/wp-json\/wp\/v2\/media?parent=773"}],"curies":[{"name":"wp","href":"https:\/\/api.w.org\/{rel}","templated":true}]}}