{"id":792,"date":"2026-01-06T16:14:18","date_gmt":"2026-01-06T16:14:18","guid":{"rendered":"https:\/\/www.campinggrossvaterfelsen.de\/?page_id=792"},"modified":"2026-01-08T13:28:31","modified_gmt":"2026-01-08T13:28:31","slug":"impressum","status":"publish","type":"page","link":"https:\/\/www.campinggrossvaterfelsen.de\/index.php\/impressum\/","title":{"rendered":"Impressum"},"content":{"rendered":"\t\t<div data-elementor-type=\"wp-page\" data-elementor-id=\"792\" class=\"elementor elementor-792\" data-elementor-post-type=\"page\">\n\t\t\t\t<div class=\"elementor-element elementor-element-c9de00f e-flex e-con-boxed e-con e-parent\" data-id=\"c9de00f\" data-element_type=\"container\" data-e-type=\"container\">\n\t\t\t\t\t<div class=\"e-con-inner\">\n\t\t\t\t<div class=\"elementor-element elementor-element-0f6457f elementor-widget elementor-widget-heading\" data-id=\"0f6457f\" data-element_type=\"widget\" data-e-type=\"widget\" data-widget_type=\"heading.default\">\n\t\t\t\t\t<h2 class=\"elementor-heading-title elementor-size-default\">Impressum<\/h2>\t\t\t\t<\/div>\n\t\t\t\t<div class=\"elementor-element elementor-element-6e04a9b elementor-widget elementor-widget-text-editor\" data-id=\"6e04a9b\" data-element_type=\"widget\" data-e-type=\"widget\" data-widget_type=\"text-editor.default\">\n\t\t\t\t\t\t\t\t\t<p data-start=\"141\" data-end=\"166\"><strong data-start=\"141\" data-end=\"166\">Angaben gem\u00e4\u00df \u00a7 5 TMG<\/strong><\/p><p data-start=\"168\" data-end=\"234\">Tobias Heise<br data-start=\"180\" data-end=\"183\" \/>Hohe Kamp 13a<br data-start=\"196\" data-end=\"199\" \/>33175 Bad Lippspringe<br data-start=\"220\" data-end=\"223\" \/>Deutschland<\/p><p data-start=\"236\" data-end=\"318\"><strong data-start=\"236\" data-end=\"247\">Kontakt<\/strong><br data-start=\"247\" data-end=\"250\" \/>Telefon: 0162 3869324<br data-start=\"271\" data-end=\"274\" \/>E-Mail: <a class=\"decorated-link cursor-pointer\" rel=\"noopener\" data-start=\"282\" data-end=\"318\">kontakt@campinggrossvaterfelsen.de<\/a><\/p><p data-start=\"320\" data-end=\"423\"><strong data-start=\"320\" data-end=\"339\">Umsatzsteuer-ID<\/strong><br data-start=\"339\" data-end=\"342\" \/>Umsatzsteuer-Identifikationsnummer gem\u00e4\u00df \u00a7 27 a Umsatzsteuergesetz:<br data-start=\"409\" data-end=\"412\" \/>DE448805902<\/p>\t\t\t\t\t\t\t\t<\/div>\n\t\t\t\t\t<\/div>\n\t\t\t\t<\/div>\n\t\t\t\t<\/div>\n\t\t","protected":false},"excerpt":{"rendered":"<p>Impressum Angaben gem\u00e4\u00df \u00a7 5 TMG Tobias HeiseHohe Kamp 13a33175 Bad LippspringeDeutschland KontaktTelefon: 0162 3869324E-Mail: kontakt@campinggrossvaterfelsen.de Umsatzsteuer-IDUmsatzsteuer-Identifikationsnummer gem\u00e4\u00df \u00a7 27 a Umsatzsteuergesetz:DE448805902<\/p>\n","protected":false},"author":1,"featured_media":0,"parent":0,"menu_order":0,"comment_status":"closed","ping_status":"closed","template":"","meta":{"footnotes":""},"class_list":["post-792","page","type-page","status-publish","hentry"],"yoast_head":"<!-- This site is optimized with the Yoast SEO plugin v27.5 - https:\/\/yoast.com\/product\/yoast-seo-wordpress\/ -->\n<title>Impressum - Camping im Harz \u2013 Wohnmobil Stellplatz am Gro\u00dfvaterfelsen<\/title>\n<meta name=\"robots\" content=\"index, follow, max-snippet:-1, max-image-preview:large, max-video-preview:-1\" \/>\n<link rel=\"canonical\" href=\"https:\/\/www.campinggrossvaterfelsen.de\/index.php\/impressum\/\" \/>\n<meta property=\"og:locale\" content=\"de_DE\" \/>\n<meta property=\"og:type\" content=\"article\" \/>\n<meta property=\"og:title\" content=\"Impressum - Camping im Harz \u2013 Wohnmobil Stellplatz am Gro\u00dfvaterfelsen\" \/>\n<meta property=\"og:description\" content=\"Impressum Angaben gem\u00e4\u00df \u00a7 5 TMG Tobias HeiseHohe Kamp 13a33175 Bad LippspringeDeutschland KontaktTelefon: 0162 3869324E-Mail: kontakt@campinggrossvaterfelsen.de Umsatzsteuer-IDUmsatzsteuer-Identifikationsnummer gem\u00e4\u00df \u00a7 27 a Umsatzsteuergesetz:DE448805902\" \/>\n<meta property=\"og:url\" content=\"https:\/\/www.campinggrossvaterfelsen.de\/index.php\/impressum\/\" \/>\n<meta property=\"og:site_name\" content=\"Camping im Harz \u2013 Wohnmobil Stellplatz am Gro\u00dfvaterfelsen\" \/>\n<meta property=\"article:modified_time\" content=\"2026-01-08T13:28:31+00:00\" \/>\n<meta name=\"twitter:card\" content=\"summary_large_image\" \/>\n<meta name=\"twitter:label1\" content=\"Gesch\u00e4tzte Lesezeit\" \/>\n\t<meta name=\"twitter:data1\" content=\"1\u00a0Minute\" \/>\n<script type=\"application\/ld+json\" class=\"yoast-schema-graph\">{\"@context\":\"https:\\\/\\\/schema.org\",\"@graph\":[{\"@type\":\"WebPage\",\"@id\":\"https:\\\/\\\/www.campinggrossvaterfelsen.de\\\/index.php\\\/impressum\\\/\",\"url\":\"https:\\\/\\\/www.campinggrossvaterfelsen.de\\\/index.php\\\/impressum\\\/\",\"name\":\"Impressum - Camping im Harz \u2013 Wohnmobil Stellplatz am Gro\u00dfvaterfelsen\",\"isPartOf\":{\"@id\":\"https:\\\/\\\/www.campinggrossvaterfelsen.de\\\/#website\"},\"datePublished\":\"2026-01-06T16:14:18+00:00\",\"dateModified\":\"2026-01-08T13:28:31+00:00\",\"breadcrumb\":{\"@id\":\"https:\\\/\\\/www.campinggrossvaterfelsen.de\\\/index.php\\\/impressum\\\/#breadcrumb\"},\"inLanguage\":\"de\",\"potentialAction\":[{\"@type\":\"ReadAction\",\"target\":[\"https:\\\/\\\/www.campinggrossvaterfelsen.de\\\/index.php\\\/impressum\\\/\"]}]},{\"@type\":\"BreadcrumbList\",\"@id\":\"https:\\\/\\\/www.campinggrossvaterfelsen.de\\\/index.php\\\/impressum\\\/#breadcrumb\",\"itemListElement\":[{\"@type\":\"ListItem\",\"position\":1,\"name\":\"Startseite\",\"item\":\"https:\\\/\\\/www.campinggrossvaterfelsen.de\\\/\"},{\"@type\":\"ListItem\",\"position\":2,\"name\":\"Impressum\"}]},{\"@type\":\"WebSite\",\"@id\":\"https:\\\/\\\/www.campinggrossvaterfelsen.de\\\/#website\",\"url\":\"https:\\\/\\\/www.campinggrossvaterfelsen.de\\\/\",\"name\":\"Camping im Harz \u2013 Wohnmobil Stellplatz am Gro\u00dfvaterfelsen\",\"description\":\"Naturcamping im Harz mit Stellpl\u00e4tzen f\u00fcr Wohnmobile und Camper \u2013 ruhig gelegen direkt am Gro\u00dfvaterfelsen.\",\"potentialAction\":[{\"@type\":\"SearchAction\",\"target\":{\"@type\":\"EntryPoint\",\"urlTemplate\":\"https:\\\/\\\/www.campinggrossvaterfelsen.de\\\/?s={search_term_string}\"},\"query-input\":{\"@type\":\"PropertyValueSpecification\",\"valueRequired\":true,\"valueName\":\"search_term_string\"}}],\"inLanguage\":\"de\"}]}<\/script>\n<!-- \/ Yoast SEO plugin. -->","yoast_head_json":{"title":"Impressum - Camping im Harz \u2013 Wohnmobil Stellplatz am Gro\u00dfvaterfelsen","robots":{"index":"index","follow":"follow","max-snippet":"max-snippet:-1","max-image-preview":"max-image-preview:large","max-video-preview":"max-video-preview:-1"},"canonical":"https:\/\/www.campinggrossvaterfelsen.de\/index.php\/impressum\/","og_locale":"de_DE","og_type":"article","og_title":"Impressum - Camping im Harz \u2013 Wohnmobil Stellplatz am Gro\u00dfvaterfelsen","og_description":"Impressum Angaben gem\u00e4\u00df \u00a7 5 TMG Tobias HeiseHohe Kamp 13a33175 Bad LippspringeDeutschland KontaktTelefon: 0162 3869324E-Mail: kontakt@campinggrossvaterfelsen.de Umsatzsteuer-IDUmsatzsteuer-Identifikationsnummer gem\u00e4\u00df \u00a7 27 a Umsatzsteuergesetz:DE448805902","og_url":"https:\/\/www.campinggrossvaterfelsen.de\/index.php\/impressum\/","og_site_name":"Camping im Harz \u2013 Wohnmobil Stellplatz am Gro\u00dfvaterfelsen","article_modified_time":"2026-01-08T13:28:31+00:00","twitter_card":"summary_large_image","twitter_misc":{"Gesch\u00e4tzte Lesezeit":"1\u00a0Minute"},"schema":{"@context":"https:\/\/schema.org","@graph":[{"@type":"WebPage","@id":"https:\/\/www.campinggrossvaterfelsen.de\/index.php\/impressum\/","url":"https:\/\/www.campinggrossvaterfelsen.de\/index.php\/impressum\/","name":"Impressum - Camping im Harz \u2013 Wohnmobil Stellplatz am Gro\u00dfvaterfelsen","isPartOf":{"@id":"https:\/\/www.campinggrossvaterfelsen.de\/#website"},"datePublished":"2026-01-06T16:14:18+00:00","dateModified":"2026-01-08T13:28:31+00:00","breadcrumb":{"@id":"https:\/\/www.campinggrossvaterfelsen.de\/index.php\/impressum\/#breadcrumb"},"inLanguage":"de","potentialAction":[{"@type":"ReadAction","target":["https:\/\/www.campinggrossvaterfelsen.de\/index.php\/impressum\/"]}]},{"@type":"BreadcrumbList","@id":"https:\/\/www.campinggrossvaterfelsen.de\/index.php\/impressum\/#breadcrumb","itemListElement":[{"@type":"ListItem","position":1,"name":"Startseite","item":"https:\/\/www.campinggrossvaterfelsen.de\/"},{"@type":"ListItem","position":2,"name":"Impressum"}]},{"@type":"WebSite","@id":"https:\/\/www.campinggrossvaterfelsen.de\/#website","url":"https:\/\/www.campinggrossvaterfelsen.de\/","name":"Camping im Harz \u2013 Wohnmobil Stellplatz am Gro\u00dfvaterfelsen","description":"Naturcamping im Harz mit Stellpl\u00e4tzen f\u00fcr Wohnmobile und Camper \u2013 ruhig gelegen direkt am Gro\u00dfvaterfelsen.","potentialAction":[{"@type":"SearchAction","target":{"@type":"EntryPoint","urlTemplate":"https:\/\/www.campinggrossvaterfelsen.de\/?s={search_term_string}"},"query-input":{"@type":"PropertyValueSpecification","valueRequired":true,"valueName":"search_term_string"}}],"inLanguage":"de"}]}},"_links":{"self":[{"href":"https:\/\/www.campinggrossvaterfelsen.de\/index.php\/wp-json\/wp\/v2\/pages\/792","targetHints":{"allow":["GET"]}}],"collection":[{"href":"https:\/\/www.campinggrossvaterfelsen.de\/index.php\/wp-json\/wp\/v2\/pages"}],"about":[{"href":"https:\/\/www.campinggrossvaterfelsen.de\/index.php\/wp-json\/wp\/v2\/types\/page"}],"author":[{"embeddable":true,"href":"https:\/\/www.campinggrossvaterfelsen.de\/index.php\/wp-json\/wp\/v2\/users\/1"}],"replies":[{"embeddable":true,"href":"https:\/\/www.campinggrossvaterfelsen.de\/index.php\/wp-json\/wp\/v2\/comments?post=792"}],"version-history":[{"count":10,"href":"https:\/\/www.campinggrossvaterfelsen.de\/index.php\/wp-json\/wp\/v2\/pages\/792\/revisions"}],"predecessor-version":[{"id":893,"href":"https:\/\/www.campinggrossvaterfelsen.de\/index.php\/wp-json\/wp\/v2\/pages\/792\/revisions\/893"}],"wp:attachment":[{"href":"https:\/\/www.campinggrossvaterfelsen.de\/index.php\/wp-json\/wp\/v2\/media?parent=792"}],"curies":[{"name":"wp","href":"https:\/\/api.w.org\/{rel}","templated":true}]}}